{"id":10,"date":"2010-01-28T15:55:41","date_gmt":"2010-01-28T15:55:41","guid":{"rendered":"http:\/\/edtechandtesol.info\/phd\/?page_id=10"},"modified":"2017-01-11T13:30:15","modified_gmt":"2017-01-11T13:30:15","slug":"de-stefani-magdalena","status":"publish","type":"page","link":"http:\/\/lantern.humanities.manchester.ac.uk\/?page_id=10","title":{"rendered":"De Stefani, Magdalena (PhD alumnus)"},"content":{"rendered":"<div id=\"attachment_7397\" style=\"width: 310px\" class=\"wp-caption alignnone\"><a href=\"http:\/\/lantern.humanities.manchester.ac.uk\/wp-content\/uploads\/2010\/01\/IMG_3316.jpg\"><img loading=\"lazy\" decoding=\"async\" aria-describedby=\"caption-attachment-7397\" class=\"size-medium wp-image-7397\" src=\"http:\/\/lantern.humanities.manchester.ac.uk\/wp-content\/uploads\/2010\/01\/IMG_3316-300x187.jpg\" alt=\"Magdalena De Stefani\" width=\"300\" height=\"187\" srcset=\"http:\/\/lantern.humanities.manchester.ac.uk\/wp-content\/uploads\/2010\/01\/IMG_3316-300x187.jpg 300w, http:\/\/lantern.humanities.manchester.ac.uk\/wp-content\/uploads\/2010\/01\/IMG_3316-1024x640.jpg 1024w, http:\/\/lantern.humanities.manchester.ac.uk\/wp-content\/uploads\/2010\/01\/IMG_3316.jpg 1440w\" sizes=\"auto, (max-width: 300px) 100vw, 300px\" \/><\/a><p id=\"caption-attachment-7397\" class=\"wp-caption-text\">Magdalena De Stefani<\/p><\/div>\n<p><strong>\u00a0<\/strong><\/p>\n<p><strong>Magdalena De Stefani<\/strong> (an\u00a0MEd ELT and PhD alumnus)<\/p>\n<p>My name is Magdalena De Stefani and I&#8217;m a former MEd ELT and PhD candidate. I was born in Montevideo, Uruguay in 1977, and obtained my Diploma in TEFL in\u00a0my home country in 1997. My first contact with Manchester was when I started my (Distance) MEd in ELT in 2000, which I finished in 2005.\u00a0Back in my MEd times my main interest was the acquisition and L1-L2 transfer of reading skills, and that was the focus of my mixed-methods dissertation.<\/p>\n<p>Then came the PhD times, which I remember fondly. I started my PhD in 2007 and finished by the end of 2012. When I started thinking of applying for a PhD I was working (as a teacher educator) with teachers in provincial and rural areas of my country. As I learned about how different their teaching realities were from my own as a &#8216;capital-city&#8217; teacher, I became interested in doing research on ways of implementing a Continuous Professional Development programme that would facilitate inter-provincial contact and make empowerment available to these teachers. Based on the work of Kumaravadivelu (2006) I set up an action research project to explore, together with participating teachers, the possibilities for empowerment a blended CPD programme could offer. This exploration of how technology could contribute to teacher empowerment became the topic of my PhD research.<\/p>\n<p>At the beginning of my doctoral studies (mostly during the initial stages of research training), I fell in love with action research and have been a keen action researcher ever since. It was also during my doctorate that I discovered\u00a0Cooperative Development (Edge 2002), which I not only\u00a0used as a technique to enhance reflexivity in my research, but which I have also been applying ever since in\u00a0my practice as teacher educator and manager.<\/p>\n<p>Another very significant link with the University was the Computer-Mediated Intercultural Communication project I was involved in from 2006 to 2010\/2011, in collaboration with Richard Fay, Diane Slaouti and\u00a0Susan Brown, among other colleagues from Universities around the world. This was\u00a0a wonderful opportunity for me to learn more about and take part in the research being conducted at the University.<\/p>\n<p>I have also worked\u00a0in close collaboration with two other PhD alumni and friends,\u00a0Paul Breen and Achilleas Kostoulas, based in London and Ioannina respectively. This is just one example of the many socio-academic links that have made me feel part of this family.<\/p>\n<p>In terms of how my career evolved after completing my PhD, I can happily say it has opened many doors. I am currently Head of Preschool and Primary at a bilingual school in Uruguay (www.ivythomas.edu.uy), as well as a Lecturer in Research Methods at Universidad ORT Uruguay (www.ort.edu.uy). I am also a mentor for the British Council&#8217;s Action Research Award Scheme in Latin America, which means I am in charge of supervising two action research projects in Uruguay which have, together with other four projects from Brazil, Argentina, Chile and Colombia, won a 4000 GBP award to be spent on their research. Finally, since 2013 I have also been a\u00a0member of the Uruguayan national network of investigators (Sistema Nacional de Investigadores, www.anii.org.uy).<\/p>\n<p>Below are some of the conference presentations and journal articles\u00a0I have been involved in so far:<\/p>\n<ul>\n<li>\u00a0Fay R, Brown S, Katsarska M, Slaouti D &amp; De Stefani M (2007) \u2018Developing awareness of the richness and challenges of Computer-Mediated Intercultural Communication: Curriculum design and participant experiences\u2019 <a href=\"http:\/\/www.sietar-europa.org\/congress2007\/en\/\" target=\"_blank\">SIETAR Europa Congress, Bulgaria, Sofia, April 2007<\/a><\/li>\n<li>Katsarska M, Brown S, Fay R, Slaouti D &amp; De Stefani M (2007) &#8216;Computer-Mediated Intercultural Communication between the University of Manchester and Plovdiv University. Students&#8217; perspectives on a collaborative course experience.&#8217; Plovdiv University &#8211; Bulgaria Scientific Papers 45(1): 124-140<\/li>\n<li>De Stefani M, Fay R, Katsarska M, Brown S, Slaouti D &amp; Berasain M (2007) \u2018Internationalising the curricula: exploring and developing cultural awareness through Computer-Mediated Intercultural Communication\u2019 Anglo Congress, Montevideo, August \u00a02007.<\/li>\n<li>Fay R, Katsarska M, Brown S, Slaouti D &amp; De Stefani M (2007) \u2018Reshaping the Learning Experience: Collaboratively Embedding Intercultural e-Experience into Conventional F2F Programmes\u2019 ICODL 2007, <a href=\"http:\/\/artemis.eap.gr\/icodl2007\/\" target=\"_blank\">4<sup>th<\/sup> International Conference on Open and Distance Learning<\/a>, Greece, Athens, November 2007.<\/li>\n<li>De Stefani M, Berasain M, Fay R, Katsarska M, Brown S &amp; Slaouti D (2008) \u2018Student perceptions regarding the interpersonal and transactional nature of Computer-Mediated Intercultural Communication: case-study research\u2019 <a href=\"http:\/\/www.certh.gr\/D75FAC2C.en.aspx\" target=\"_blank\">INTED Congress 2008<\/a>, Spain, Valencia, March 2008.<\/li>\n<li>De Stefani M &amp; Berasain M (2008) \u2018Reconceptualising Teacher Development: A reflective, context-based, collaborative action research approach\u2019 Anglo Congress, Montevideo, August 2008.<\/li>\n<li>Fay R, Katsarska M &amp; De Stefani M (2008) \u2018Academic Experience Towards Global Citizenship: Positional Narratives of Computer-Mediated Intercultural Communication\u2019 <a href=\"http:\/\/www.sietarglobal2008.org\/\" target=\"_blank\">SIETAR Global<\/a>, Spain, Granada, October 2008.<\/li>\n<li>De Stefani M &amp; Berasain M (2009) \u2018How to integrate ICT into a language course: the power of blended learning\u2019 Anglo Congress, Montevideo, August 2009.<\/li>\n<li>De Stefani M (2009) \u2018Conceptualising the design of a blended programme for language teachers in provincial Uruguay\u2019 Association for Learning Technology <a href=\"http:\/\/www.alt.ac.uk\/altc2009\/\" target=\"_blank\">(ALT-C) Conference<\/a>, Manchester, UK, September 2009.<\/li>\n<li>Berasain M, De Stefani M, Fay R &amp; Katsarska M (2009) \u2018Student perspectives on the role of language in Computer-Mediated Intercultural Communication\u2019 <a href=\"http:\/\/www.britishcouncil.org.br\/elt\/_v2\/c_article_display.asp?ida=750\" target=\"_blank\">LABCI Conference<\/a>, Buenos Aires, Argentina, September 2009.<\/li>\n<li>De Stefani M (2010) \u2018Lessons for a teacher educator from in-service teacher learners\u2019 <a href=\"http:\/\/www2.le.ac.uk\/departments\/beyond-distance-research-alliance\/festival\" target=\"_blank\">Online Futures Festival<\/a>, University of Leicester, UK, January 2010.<\/li>\n<li>\u201cTeaching in secondary school with Moodle: An\u00a0 action research project in provincial Uruguay<em>\u201d. <\/em>Paper\u00a0presented at <strong><a href=\"http:\/\/urutesol.blogspot.com\/\">URUTESOL Biennial Convention<\/a>, <\/strong>Montevideo, Uruguay, April 8th -10th, 2011.<\/li>\n<li>De Stefani M (2011) \u2019Teaching in secondary school with Moodle: Reflecting on the unpredictability of inquiry\u2019. <strong>Student LTE Conference<\/strong>, University of Manchester, UK, 3 June 2011.<\/li>\n<li>De Stefani M (2011) <em>\u2018Empowering\u00a0TESOL teachers in provincial Uruguay: The power of blended learning\u2019. <\/em><strong>New Directions in the Humanities <\/strong>conference, 8-11 June 2011, Campus La Cartuja, Universidad de Granada, Spain.<\/li>\n<li>De Stefani M (2011) <em>\u2018Empowering\u00a0TESOL teachers in provincial Uruguay: The power of blended learning\u2019. <\/em><strong>The International Journal of the Humanities<\/strong>.<\/li>\n<li>Berasain MI, De Stefani M &amp; Balsa JM (2013) \u2018iTeaching and iLearning: Using iPads and tablets in the 21<sup>st<\/sup> century classroom\u2019. <strong>Anglo Congress<\/strong>, Montevideo, August 2013.<\/li>\n<li>Aguerrondo I, Vaillant D, De Stefani M &amp; Azpiroz M (2014) \u2018Perspectivas para lograr mejores oportunidades de aprendizaje para ni\u00f1os, ni\u00f1as, adolescentes y j\u00f3venes en Am\u00e9rica Latina y el Caribe\u2019, UNICEF.<\/li>\n<li>De Stefani M (2014) \u2018Challenging traditions: Constructing an identity through innovative teaching practices\u2019, <strong>Cases on Teacher Identity, Diversity, and Cognition in Higher Education<\/strong>, IGI Global.<\/li>\n<\/ul>\n","protected":false},"excerpt":{"rendered":"<p>\u00a0 Magdalena De Stefani (an\u00a0MEd ELT and PhD alumnus) My name is Magdalena De Stefani and I&#8217;m a former MEd ELT and PhD candidate. I was born in Montevideo, Uruguay in 1977, and obtained my Diploma in TEFL in\u00a0my home country in 1997. My first contact with Manchester was when I started my (Distance) MEd in ELT in 2000, which [&#8230;]<\/p>\n","protected":false},"author":3,"featured_media":0,"parent":9917,"menu_order":0,"comment_status":"open","ping_status":"closed","template":"","meta":{"footnotes":""},"class_list":["post-10","page","type-page","status-publish","hentry"],"_links":{"self":[{"href":"http:\/\/lantern.humanities.manchester.ac.uk\/index.php?rest_route=\/wp\/v2\/pages\/10","targetHints":{"allow":["GET"]}}],"collection":[{"href":"http:\/\/lantern.humanities.manchester.ac.uk\/index.php?rest_route=\/wp\/v2\/pages"}],"about":[{"href":"http:\/\/lantern.humanities.manchester.ac.uk\/index.php?rest_route=\/wp\/v2\/types\/page"}],"author":[{"embeddable":true,"href":"http:\/\/lantern.humanities.manchester.ac.uk\/index.php?rest_route=\/wp\/v2\/users\/3"}],"replies":[{"embeddable":true,"href":"http:\/\/lantern.humanities.manchester.ac.uk\/index.php?rest_route=%2Fwp%2Fv2%2Fcomments&post=10"}],"version-history":[{"count":4,"href":"http:\/\/lantern.humanities.manchester.ac.uk\/index.php?rest_route=\/wp\/v2\/pages\/10\/revisions"}],"predecessor-version":[{"id":7415,"href":"http:\/\/lantern.humanities.manchester.ac.uk\/index.php?rest_route=\/wp\/v2\/pages\/10\/revisions\/7415"}],"up":[{"embeddable":true,"href":"http:\/\/lantern.humanities.manchester.ac.uk\/index.php?rest_route=\/wp\/v2\/pages\/9917"}],"wp:attachment":[{"href":"http:\/\/lantern.humanities.manchester.ac.uk\/index.php?rest_route=%2Fwp%2Fv2%2Fmedia&parent=10"}],"curies":[{"name":"wp","href":"https:\/\/api.w.org\/{rel}","templated":true}]}}